{"id":30,"date":"2026-02-19T08:32:27","date_gmt":"2026-02-19T13:32:27","guid":{"rendered":"https:\/\/kgladhill.dectim.ca\/tp2-ep\/?page_id=30"},"modified":"2026-03-23T01:02:16","modified_gmt":"2026-03-23T05:02:16","slug":"portfolio","status":"publish","type":"page","link":"https:\/\/kgladhill.dectim.ca\/tp2-ep\/portfolio\/","title":{"rendered":"Portfolio"},"content":{"rendered":"\n<div class=\"wp-block-cover alignfull\" style=\"margin-top:0;margin-bottom:0;padding-top:0;padding-right:0;padding-bottom:0;padding-left:0;min-height:75vh;aspect-ratio:unset;\"><img loading=\"lazy\" decoding=\"async\" width=\"2560\" height=\"1429\" class=\"wp-block-cover__image-background wp-image-1093 size-full\" alt=\"\" src=\"https:\/\/kgladhill.dectim.ca\/tp2-ep\/wp-content\/uploads\/2026\/03\/portfolio-hero-scaled.png\" data-object-fit=\"cover\" srcset=\"https:\/\/kgladhill.dectim.ca\/tp2-ep\/wp-content\/uploads\/2026\/03\/portfolio-hero-scaled.png 2560w, https:\/\/kgladhill.dectim.ca\/tp2-ep\/wp-content\/uploads\/2026\/03\/portfolio-hero-300x167.png 300w, https:\/\/kgladhill.dectim.ca\/tp2-ep\/wp-content\/uploads\/2026\/03\/portfolio-hero-1024x572.png 1024w, https:\/\/kgladhill.dectim.ca\/tp2-ep\/wp-content\/uploads\/2026\/03\/portfolio-hero-768x429.png 768w, https:\/\/kgladhill.dectim.ca\/tp2-ep\/wp-content\/uploads\/2026\/03\/portfolio-hero-1536x857.png 1536w, https:\/\/kgladhill.dectim.ca\/tp2-ep\/wp-content\/uploads\/2026\/03\/portfolio-hero-2048x1143.png 2048w\" sizes=\"auto, (max-width: 2560px) 100vw, 2560px\" \/><span aria-hidden=\"true\" class=\"wp-block-cover__background has-background-dim-0 has-background-dim\"><\/span><div class=\"wp-block-cover__inner-container is-layout-constrained wp-container-core-cover-is-layout-72190d31 wp-block-cover-is-layout-constrained\">\n<h1 class=\"wp-block-heading has-text-align-center has-ast-global-color-4-color has-text-color has-link-color wp-elements-8ea53fca26db5da03dfc5f34d1304823\">Portfolio<\/h1>\n<\/div><\/div>\n\n\n\n<div class=\"wp-block-group alignfull has-ast-global-color-5-background-color has-background is-layout-constrained wp-container-core-group-is-layout-0b34fb3f wp-block-group-is-layout-constrained\" style=\"padding-top:var(--wp--preset--spacing--60);padding-right:var(--wp--preset--spacing--60);padding-bottom:var(--wp--preset--spacing--60);padding-left:var(--wp--preset--spacing--60)\">\n<div class=\"wp-block-group is-layout-constrained wp-block-group-is-layout-constrained\">\n<h2 class=\"wp-block-heading ticss-551f4b91\">Projets<\/h2>\n\n\n\n<p class=\"ticss-2012e9f7\">Notre produit vous permet d&rsquo;apprendre naturellement en contexte r\u00e9el, transformant chaque sortie en opportunit\u00e9 de pratiquer la langue de votre choix tout en vous amusant. Apprenez en vivant, pas en m\u00e9morisant. Notre produit vous permet d&rsquo;apprendre naturellement en contexte r\u00e9el, transformant chaque sortie en opportunit\u00e9 de pratiquer la langue de votre choix tout en vous amusant.<\/p>\n<\/div>\n\n\n\n\t\t\t<div class=\"wp-block-uagb-post-carousel uagb-post-grid ticss-c2f0dcf8 uagb-post__image-position-background uagb-post__image-enabled uagb-block-568e6b90     uagb-post__arrow-outside uagb-slick-carousel uagb-post__items uagb-post__columns-2 is-carousel uagb-post__columns-tablet-2 uagb-post__columns-mobile-1 uagb-post__carousel_equal-height\" data-total=\"1\" style=\"\">\n\n\t\t\t\t\t\t\t\t\t\t\t\t<article class=\"uagb-post__inner-wrap\">\t\t\t\t\t\t\t\t<h4 class=\"uagb-post__title uagb-post__text\">\n\t\t\t\t<a href=\"https:\/\/kgladhill.dectim.ca\/tp2-ep\/2026\/03\/18\/portfolio-1\/\" target=\"_self\" rel=\"bookmark noopener noreferrer\">Portfolio #1<\/a>\n\t\t\t<\/h4>\n\t\t\t\t\t\t<div class=\"uagb-post__text uagb-post__cta wp-block-button\">\n\t\t\t\t<a class=\"wp-block-button__link uagb-text-link\" style=\"\" href=\"https:\/\/kgladhill.dectim.ca\/tp2-ep\/2026\/03\/18\/portfolio-1\/\" target=\"_self\" rel=\"bookmark noopener noreferrer\">Voir plus<\/a>\n\t\t\t<\/div>\n\t\t\t\t\t\t<div class='uagb-post__image'>\n\t\t\t\t\t\t\t\t\t<a href=\"https:\/\/kgladhill.dectim.ca\/tp2-ep\/2026\/03\/18\/portfolio-1\/\" target=\"_self\" rel=\"bookmark noopener noreferrer\"><img loading=\"lazy\" decoding=\"async\" width=\"1024\" height=\"403\" src=\"https:\/\/kgladhill.dectim.ca\/tp2-ep\/wp-content\/uploads\/2026\/03\/hero-projet-1-1024x403.png\" class=\"attachment-large size-large\" alt=\"\" srcset=\"https:\/\/kgladhill.dectim.ca\/tp2-ep\/wp-content\/uploads\/2026\/03\/hero-projet-1-1024x403.png 1024w, https:\/\/kgladhill.dectim.ca\/tp2-ep\/wp-content\/uploads\/2026\/03\/hero-projet-1-300x118.png 300w, https:\/\/kgladhill.dectim.ca\/tp2-ep\/wp-content\/uploads\/2026\/03\/hero-projet-1-768x302.png 768w, https:\/\/kgladhill.dectim.ca\/tp2-ep\/wp-content\/uploads\/2026\/03\/hero-projet-1-1536x605.png 1536w, https:\/\/kgladhill.dectim.ca\/tp2-ep\/wp-content\/uploads\/2026\/03\/hero-projet-1.png 1679w\" sizes=\"auto, (max-width: 1024px) 100vw, 1024px\" \/>\t\t\t\t\t<\/a>\n\t\t\t\t\t\t\t\t\t<\/div>\n\t\t\t\n\t\t\t\t\t\t\t\t\t<\/article>\n\t\t\t\t\t\t\t\t\t\t\t\t\t\t\t\t<article class=\"uagb-post__inner-wrap\">\t\t\t\t\t\t\t\t<h4 class=\"uagb-post__title uagb-post__text\">\n\t\t\t\t<a href=\"https:\/\/kgladhill.dectim.ca\/tp2-ep\/2026\/03\/18\/portfolio-2\/\" target=\"_self\" rel=\"bookmark noopener noreferrer\">Portfolio #2<\/a>\n\t\t\t<\/h4>\n\t\t\t\t\t\t<div class=\"uagb-post__text uagb-post__cta wp-block-button\">\n\t\t\t\t<a class=\"wp-block-button__link uagb-text-link\" style=\"\" href=\"https:\/\/kgladhill.dectim.ca\/tp2-ep\/2026\/03\/18\/portfolio-2\/\" target=\"_self\" rel=\"bookmark noopener noreferrer\">Voir plus<\/a>\n\t\t\t<\/div>\n\t\t\t\t\t\t<div class='uagb-post__image'>\n\t\t\t\t\t\t\t\t\t<a href=\"https:\/\/kgladhill.dectim.ca\/tp2-ep\/2026\/03\/18\/portfolio-2\/\" target=\"_self\" rel=\"bookmark noopener noreferrer\"><img loading=\"lazy\" decoding=\"async\" width=\"1024\" height=\"403\" src=\"https:\/\/kgladhill.dectim.ca\/tp2-ep\/wp-content\/uploads\/2026\/03\/hero-projet-1-1024x403.png\" class=\"attachment-large size-large\" alt=\"\" srcset=\"https:\/\/kgladhill.dectim.ca\/tp2-ep\/wp-content\/uploads\/2026\/03\/hero-projet-1-1024x403.png 1024w, https:\/\/kgladhill.dectim.ca\/tp2-ep\/wp-content\/uploads\/2026\/03\/hero-projet-1-300x118.png 300w, https:\/\/kgladhill.dectim.ca\/tp2-ep\/wp-content\/uploads\/2026\/03\/hero-projet-1-768x302.png 768w, https:\/\/kgladhill.dectim.ca\/tp2-ep\/wp-content\/uploads\/2026\/03\/hero-projet-1-1536x605.png 1536w, https:\/\/kgladhill.dectim.ca\/tp2-ep\/wp-content\/uploads\/2026\/03\/hero-projet-1.png 1679w\" sizes=\"auto, (max-width: 1024px) 100vw, 1024px\" \/>\t\t\t\t\t<\/a>\n\t\t\t\t\t\t\t\t\t<\/div>\n\t\t\t\n\t\t\t\t\t\t\t\t\t<\/article>\n\t\t\t\t\t\t\t\t\t\t\t\t\t\t\t\t<article class=\"uagb-post__inner-wrap\">\t\t\t\t\t\t\t\t<h4 class=\"uagb-post__title uagb-post__text\">\n\t\t\t\t<a href=\"https:\/\/kgladhill.dectim.ca\/tp2-ep\/2026\/03\/18\/portfolio-3\/\" target=\"_self\" rel=\"bookmark noopener noreferrer\">Portfolio #3<\/a>\n\t\t\t<\/h4>\n\t\t\t\t\t\t<div class=\"uagb-post__text uagb-post__cta wp-block-button\">\n\t\t\t\t<a class=\"wp-block-button__link uagb-text-link\" style=\"\" href=\"https:\/\/kgladhill.dectim.ca\/tp2-ep\/2026\/03\/18\/portfolio-3\/\" target=\"_self\" rel=\"bookmark noopener noreferrer\">Voir plus<\/a>\n\t\t\t<\/div>\n\t\t\t\t\t\t<div class='uagb-post__image'>\n\t\t\t\t\t\t\t\t\t<a href=\"https:\/\/kgladhill.dectim.ca\/tp2-ep\/2026\/03\/18\/portfolio-3\/\" target=\"_self\" rel=\"bookmark noopener noreferrer\"><img loading=\"lazy\" decoding=\"async\" width=\"1024\" height=\"403\" src=\"https:\/\/kgladhill.dectim.ca\/tp2-ep\/wp-content\/uploads\/2026\/03\/hero-projet-1-1024x403.png\" class=\"attachment-large size-large\" alt=\"\" srcset=\"https:\/\/kgladhill.dectim.ca\/tp2-ep\/wp-content\/uploads\/2026\/03\/hero-projet-1-1024x403.png 1024w, https:\/\/kgladhill.dectim.ca\/tp2-ep\/wp-content\/uploads\/2026\/03\/hero-projet-1-300x118.png 300w, https:\/\/kgladhill.dectim.ca\/tp2-ep\/wp-content\/uploads\/2026\/03\/hero-projet-1-768x302.png 768w, https:\/\/kgladhill.dectim.ca\/tp2-ep\/wp-content\/uploads\/2026\/03\/hero-projet-1-1536x605.png 1536w, https:\/\/kgladhill.dectim.ca\/tp2-ep\/wp-content\/uploads\/2026\/03\/hero-projet-1.png 1679w\" sizes=\"auto, (max-width: 1024px) 100vw, 1024px\" \/>\t\t\t\t\t<\/a>\n\t\t\t\t\t\t\t\t\t<\/div>\n\t\t\t\n\t\t\t\t\t\t\t\t\t<\/article>\n\t\t\t\t\t\t\t\t\t\t\t<\/div>\n\t\t\t<\/div>\n\n\n\n<div class=\"wp-block-uagb-modal uagb-block-3253c2f4 uagb-modal-wrapper ticss-3253c2f4\" data-escpress=\"enable\" data-overlayclick=\"enable\"><div class=\"uagb-spectra-button-wrapper wp-block-button\"><a class=\"uagb-modal-button-link wp-block-button__link uagb-modal-trigger\" href=\"#\" onclick=\"return false;\" target=\"_self\" rel=\"noopener noreferrer\"><span class=\"uagb-modal-content-wrapper\"><span class=\"uagb-inline-editing\">Utilisation IA<\/span><\/span><\/a><\/div><div class=\"uagb-effect-default uagb-modal-popup uagb-block-3253c2f4 uagb-modal-type-undefined\"><div class=\"uagb-modal-popup-wrap\"><div class=\"uagb-modal-popup-content\">\n<p class=\"has-medium-font-size\">Au niveau des&nbsp;images et vid\u00e9os, l\u2019IA g\u00e9n\u00e9rative nous a servi \u00e0&nbsp;produire et\/ou bonifier certains m\u00e9dias&nbsp;(ex. visuels d\u2019ambiance, textures, illustrations, variations, courtes s\u00e9quences), ainsi qu\u2019\u00e0 g\u00e9n\u00e9rer des&nbsp;it\u00e9rations&nbsp;pour explorer rapidement des pistes de direction artistique. Les m\u00e9dias finaux ont ensuite \u00e9t\u00e9&nbsp;s\u00e9lectionn\u00e9s, retouch\u00e9s, int\u00e9gr\u00e9s et optimis\u00e9s&nbsp;par notre \u00e9quipe (compression, recadrage, formats web, coh\u00e9rence visuelle et accessibilit\u00e9). Tous les contenus g\u00e9n\u00e9r\u00e9s ont \u00e9t\u00e9 utilis\u00e9s de fa\u00e7on&nbsp;\u00e9thique et responsable&nbsp;: aucune personne r\u00e9elle identifiable n\u2019a \u00e9t\u00e9 imit\u00e9e, aucun deepfake n\u2019a \u00e9t\u00e9 produit, et aucune utilisation non d\u00e9clar\u00e9e n\u2019a \u00e9t\u00e9 effectu\u00e9e. Nous avons principalement utilis\u00e9 VEO\/Flow AI avec le mod\u00e8le Nanobana. Ce service n&rsquo;offre malheureusement pas une option pour partager la conversation.<\/p>\n<\/div><button class=\"uagb-modal-popup-close\" aria-label=\"Close Modal\"><svg xmlns=\"https:\/\/www.w3.org\/2000\/svg\" viewBox=\"0 0 320 512\"><path d=\"M310.6 361.4c12.5 12.5 12.5 32.75 0 45.25C304.4 412.9 296.2 416 288 416s-16.38-3.125-22.62-9.375L160 301.3L54.63 406.6C48.38 412.9 40.19 416 32 416S15.63 412.9 9.375 406.6c-12.5-12.5-12.5-32.75 0-45.25l105.4-105.4L9.375 150.6c-12.5-12.5-12.5-32.75 0-45.25s32.75-12.5 45.25 0L160 210.8l105.4-105.4c12.5-12.5 32.75-12.5 45.25 0s12.5 32.75 0 45.25l-105.4 105.4L310.6 361.4z\"><\/path><\/svg><\/button><\/div><\/div><\/div>\n","protected":false},"excerpt":{"rendered":"<p>Projets Notre produit vous permet d&rsquo;apprendre naturellement en contexte r\u00e9el, transformant chaque sortie en opportunit\u00e9 de pratiquer la langue de [&hellip;]<\/p>\n","protected":false},"author":3,"featured_media":0,"parent":0,"menu_order":0,"comment_status":"closed","ping_status":"closed","template":"","meta":{"_uag_custom_page_level_css":"","site-sidebar-layout":"default","site-content-layout":"","ast-site-content-layout":"default","site-content-style":"default","site-sidebar-style":"default","ast-global-header-display":"","ast-banner-title-visibility":"","ast-main-header-display":"","ast-hfb-above-header-display":"","ast-hfb-below-header-display":"","ast-hfb-mobile-header-display":"","site-post-title":"disabled","ast-breadcrumbs-content":"","ast-featured-img":"","footer-sml-layout":"","ast-disable-related-posts":"","theme-transparent-header-meta":"","adv-header-id-meta":"","stick-header-meta":"","header-above-stick-meta":"","header-main-stick-meta":"","header-below-stick-meta":"","astra-migrate-meta-layouts":"default","ast-page-background-enabled":"default","ast-page-background-meta":{"desktop":{"background-color":"var(--ast-global-color-5)","background-image":"","background-repeat":"repeat","background-position":"center center","background-size":"auto","background-attachment":"scroll","background-type":"","background-media":"","overlay-type":"","overlay-color":"","overlay-opacity":"","overlay-gradient":""},"tablet":{"background-color":"","background-image":"","background-repeat":"repeat","background-position":"center center","background-size":"auto","background-attachment":"scroll","background-type":"","background-media":"","overlay-type":"","overlay-color":"","overlay-opacity":"","overlay-gradient":""},"mobile":{"background-color":"","background-image":"","background-repeat":"repeat","background-position":"center center","background-size":"auto","background-attachment":"scroll","background-type":"","background-media":"","overlay-type":"","overlay-color":"","overlay-opacity":"","overlay-gradient":""}},"ast-content-background-meta":{"desktop":{"background-color":"var(--ast-global-color-4)","background-image":"","background-repeat":"repeat","background-position":"center center","background-size":"auto","background-attachment":"scroll","background-type":"","background-media":"","overlay-type":"","overlay-color":"","overlay-opacity":"","overlay-gradient":""},"tablet":{"background-color":"var(--ast-global-color-4)","background-image":"","background-repeat":"repeat","background-position":"center center","background-size":"auto","background-attachment":"scroll","background-type":"","background-media":"","overlay-type":"","overlay-color":"","overlay-opacity":"","overlay-gradient":""},"mobile":{"background-color":"var(--ast-global-color-4)","background-image":"","background-repeat":"repeat","background-position":"center center","background-size":"auto","background-attachment":"scroll","background-type":"","background-media":"","overlay-type":"","overlay-color":"","overlay-opacity":"","overlay-gradient":""}},"_themeisle_gutenberg_block_has_review":false,"footnotes":""},"class_list":["post-30","page","type-page","status-publish","hentry"],"uagb_featured_image_src":{"full":false,"thumbnail":false,"medium":false,"medium_large":false,"large":false,"1536x1536":false,"2048x2048":false},"uagb_author_info":{"display_name":"Guillaume","author_link":"https:\/\/kgladhill.dectim.ca\/tp2-ep\/author\/guillaume\/"},"uagb_comment_info":0,"uagb_excerpt":"Projets Notre produit vous permet d&rsquo;apprendre naturellement en contexte r\u00e9el, transformant chaque sortie en opportunit\u00e9 de pratiquer la langue de [&hellip;]","_links":{"self":[{"href":"https:\/\/kgladhill.dectim.ca\/tp2-ep\/wp-json\/wp\/v2\/pages\/30","targetHints":{"allow":["GET"]}}],"collection":[{"href":"https:\/\/kgladhill.dectim.ca\/tp2-ep\/wp-json\/wp\/v2\/pages"}],"about":[{"href":"https:\/\/kgladhill.dectim.ca\/tp2-ep\/wp-json\/wp\/v2\/types\/page"}],"author":[{"embeddable":true,"href":"https:\/\/kgladhill.dectim.ca\/tp2-ep\/wp-json\/wp\/v2\/users\/3"}],"replies":[{"embeddable":true,"href":"https:\/\/kgladhill.dectim.ca\/tp2-ep\/wp-json\/wp\/v2\/comments?post=30"}],"version-history":[{"count":33,"href":"https:\/\/kgladhill.dectim.ca\/tp2-ep\/wp-json\/wp\/v2\/pages\/30\/revisions"}],"predecessor-version":[{"id":1191,"href":"https:\/\/kgladhill.dectim.ca\/tp2-ep\/wp-json\/wp\/v2\/pages\/30\/revisions\/1191"}],"wp:attachment":[{"href":"https:\/\/kgladhill.dectim.ca\/tp2-ep\/wp-json\/wp\/v2\/media?parent=30"}],"curies":[{"name":"wp","href":"https:\/\/api.w.org\/{rel}","templated":true}]}}