{"id":27,"date":"2026-02-19T08:32:27","date_gmt":"2026-02-19T13:32:27","guid":{"rendered":"https:\/\/kgladhill.dectim.ca\/tp2-ep\/?page_id=27"},"modified":"2026-03-23T01:00:23","modified_gmt":"2026-03-23T05:00:23","slug":"a-propos","status":"publish","type":"page","link":"https:\/\/kgladhill.dectim.ca\/tp2-ep\/a-propos\/","title":{"rendered":"\u00c0 propos"},"content":{"rendered":"\n<div class=\"wp-block-cover alignfull\" style=\"margin-top:0;margin-bottom:0;padding-top:0;padding-right:0;padding-bottom:0;padding-left:0;min-height:75vh;aspect-ratio:unset;\"><img loading=\"lazy\" decoding=\"async\" width=\"1920\" height=\"929\" class=\"wp-block-cover__image-background wp-image-511 size-full\" alt=\"\" src=\"https:\/\/kgladhill.dectim.ca\/tp2-ep\/wp-content\/uploads\/2026\/02\/hero-a-propos.jpg\" data-object-fit=\"cover\" srcset=\"https:\/\/kgladhill.dectim.ca\/tp2-ep\/wp-content\/uploads\/2026\/02\/hero-a-propos.jpg 1920w, https:\/\/kgladhill.dectim.ca\/tp2-ep\/wp-content\/uploads\/2026\/02\/hero-a-propos-300x145.jpg 300w, https:\/\/kgladhill.dectim.ca\/tp2-ep\/wp-content\/uploads\/2026\/02\/hero-a-propos-1024x495.jpg 1024w, https:\/\/kgladhill.dectim.ca\/tp2-ep\/wp-content\/uploads\/2026\/02\/hero-a-propos-768x372.jpg 768w, https:\/\/kgladhill.dectim.ca\/tp2-ep\/wp-content\/uploads\/2026\/02\/hero-a-propos-1536x743.jpg 1536w\" sizes=\"auto, (max-width: 1920px) 100vw, 1920px\" \/><span aria-hidden=\"true\" class=\"wp-block-cover__background has-background-dim-0 has-background-dim\"><\/span><div class=\"wp-block-cover__inner-container is-layout-constrained wp-container-core-cover-is-layout-72190d31 wp-block-cover-is-layout-constrained\">\n<h1 class=\"wp-block-heading has-text-align-center has-ast-global-color-4-color has-text-color has-link-color wp-elements-828ce29a91d09266411546b2209d22ec\">\u00c0 propos<\/h1>\n<\/div><\/div>\n\n\n\n<div class=\"wp-block-media-text has-media-on-the-right is-stacked-on-mobile has-ast-global-color-4-background-color has-background\" style=\"margin-top:0;margin-bottom:0;padding-top:100px;padding-bottom:100px;grid-template-columns:auto 58%\"><div class=\"wp-block-media-text__content\">\n<div class=\"wp-block-group is-layout-constrained wp-block-group-is-layout-constrained\">\n<div class=\"wp-block-group is-layout-constrained wp-block-group-is-layout-constrained\">\n<h2 class=\"wp-block-heading\">Notre mission<\/h2>\n\n\n\n<p>Pour nous, l\u2019apprentissage ne devrait jamais \u00eatre une t\u00e2che p\u00e9nible dont plusieurs redoutent. Pour nous, les langues sont la source de l\u2019humanit\u00e9 et devraient \u00eatre transmises de mani\u00e8re accessible et passionnante pour tous.<\/p>\n<\/div>\n\n\n\n<div class=\"wp-block-group is-layout-constrained wp-block-group-is-layout-constrained\">\n<h3 class=\"wp-block-heading\">Notre vision<\/h3>\n\n\n\n<p>C\u2019est pourquoi nous avons d\u00e9cid\u00e9 de cr\u00e9er notre application en r\u00e9alit\u00e9 augment\u00e9e pour permettre \u00e0 tous d\u2019appr\u00e9cier en son enti\u00e8ret\u00e9 l\u2019apprentissage des langues.<\/p>\n<\/div>\n<\/div>\n<\/div><figure class=\"wp-block-media-text__media\"><img loading=\"lazy\" decoding=\"async\" width=\"820\" height=\"545\" src=\"https:\/\/kgladhill.dectim.ca\/tp2-ep\/wp-content\/uploads\/2026\/02\/apropos_explications-a-propos.png\" alt=\"\" class=\"wp-image-249 size-full\" srcset=\"https:\/\/kgladhill.dectim.ca\/tp2-ep\/wp-content\/uploads\/2026\/02\/apropos_explications-a-propos.png 820w, https:\/\/kgladhill.dectim.ca\/tp2-ep\/wp-content\/uploads\/2026\/02\/apropos_explications-a-propos-300x199.png 300w, https:\/\/kgladhill.dectim.ca\/tp2-ep\/wp-content\/uploads\/2026\/02\/apropos_explications-a-propos-768x510.png 768w\" sizes=\"auto, (max-width: 820px) 100vw, 820px\" \/><\/figure><\/div>\n\n\n\n<div class=\"wp-block-group alignfull has-ast-global-color-5-background-color has-background is-layout-constrained wp-container-core-group-is-layout-0b34fb3f wp-block-group-is-layout-constrained\" style=\"padding-top:var(--wp--preset--spacing--60);padding-right:var(--wp--preset--spacing--60);padding-bottom:var(--wp--preset--spacing--60);padding-left:var(--wp--preset--spacing--60)\">\n<div class=\"wp-block-group is-layout-constrained wp-block-group-is-layout-constrained\">\n<div class=\"wp-block-group is-layout-constrained wp-block-group-is-layout-constrained\">\n<h2 class=\"wp-block-heading\">Notre histoire<\/h2>\n\n\n\n<p>En 2017, nous nous sommes rendus dans les \u00e9coles du Qu\u00e9bec et nous avons constat\u00e9 une terrible r\u00e9alit\u00e9: les \u00e9tudiants d\u00e9testent les langues, et avec raison: les cours de langue suivent encore un mod\u00e8le qui n\u2019a pas \u00e9volu\u00e9 depuis pr\u00e8s de 80 ans. <\/p>\n\n\n\n<p>Nous \u00e9tions \u00e0 la base 3 personnes dans un sous-sol. Tant bien que mal, nous avons mont\u00e9 les \u00e9chelons pour devenir une des entreprises d&rsquo;apprentissage les plus respect\u00e9s !<\/p>\n<\/div>\n\n\n\n<div style=\"height:30px\" aria-hidden=\"true\" class=\"wp-block-spacer\"><\/div>\n\n\n\n<div class=\"wp-block-group is-layout-constrained wp-block-group-is-layout-constrained\">\n<h3 class=\"wp-block-heading\">Galerie photos<\/h3>\n<\/div>\n\n\n\n<div class=\"wp-block-uagb-container height-fix-galerie-histoire uagb-layout-grid uagb-block-cbe48d39 alignfull uagb-is-root-container\">\n<div class=\"wp-block-uagb-container uagb-layout-grid uagb-block-4c4488c5 alignfull uagb-is-root-container\"><div class=\"uagb-container-inner-blocks-wrap\">\n<figure class=\"wp-block-image alignfull size-full has-custom-border is-style-default\" style=\"margin-right:0;margin-left:0\"><img loading=\"lazy\" decoding=\"async\" width=\"390\" height=\"393\" src=\"https:\/\/kgladhill.dectim.ca\/tp2-ep\/wp-content\/uploads\/2026\/02\/apropos_img-1-histoire-a-propos.png\" alt=\"\" class=\"wp-image-252\" style=\"border-top-left-radius:40px;border-top-right-radius:40px;border-bottom-left-radius:40px;border-bottom-right-radius:40px\" srcset=\"https:\/\/kgladhill.dectim.ca\/tp2-ep\/wp-content\/uploads\/2026\/02\/apropos_img-1-histoire-a-propos.png 390w, https:\/\/kgladhill.dectim.ca\/tp2-ep\/wp-content\/uploads\/2026\/02\/apropos_img-1-histoire-a-propos-298x300.png 298w, https:\/\/kgladhill.dectim.ca\/tp2-ep\/wp-content\/uploads\/2026\/02\/apropos_img-1-histoire-a-propos-150x150.png 150w\" sizes=\"auto, (max-width: 390px) 100vw, 390px\" \/><\/figure>\n\n\n\n<figure class=\"wp-block-image size-full has-custom-border\"><img loading=\"lazy\" decoding=\"async\" width=\"390\" height=\"185\" src=\"https:\/\/kgladhill.dectim.ca\/tp2-ep\/wp-content\/uploads\/2026\/02\/apropos_img-2-histoire-a-propos.png\" alt=\"\" class=\"wp-image-253\" style=\"border-top-left-radius:40px;border-top-right-radius:40px;border-bottom-left-radius:40px;border-bottom-right-radius:40px\" srcset=\"https:\/\/kgladhill.dectim.ca\/tp2-ep\/wp-content\/uploads\/2026\/02\/apropos_img-2-histoire-a-propos.png 390w, https:\/\/kgladhill.dectim.ca\/tp2-ep\/wp-content\/uploads\/2026\/02\/apropos_img-2-histoire-a-propos-300x142.png 300w\" sizes=\"auto, (max-width: 390px) 100vw, 390px\" \/><\/figure>\n<\/div><\/div>\n\n\n\n<div class=\"wp-block-uagb-container ticss-9991fdb2 slider-container uagb-block-54ba009b\">\n\t\t\t\n\t<style type=\"text\/css\">\n\t\t.slider-info-177.bafg-slider-info .bafg-slider-title {\n\t\t\t\t\t\t\tfont-size:\n\t\t\t\t\t22px\t\t\t\t;\n\t\t\t\n\t\t\t\n\t\t\t\t\t}\n\n\t\t.slider-info-177.bafg-slider-info .bafg-slider-description {\n\t\t\t\n\t\t\t\n\t\t\t\t\t}\n\t\t\n\t\t\n\t\t.slider-info-177.bafg-slider-info .bafg_slider_readmore_button {\n\t\t\t\n\t\t\t\n\t\t\t\n\t\t\t\n\t\t\t\t\t\t\tborder-radius:\n\t\t\t\t\t40px\t\t\t\t;\n\t\t\t\n\t\t\ttext-align: center;\n\n\t\t\t\n\t\t\t\n\t\t\t\n\t\t\t\n\t\t\t\t\t}\n\n\t\t.slider-info-177.bafg-slider-info .bafg_slider_readmore_button:hover {\n\n\t\t\t\n\t\t\t\n\t\t\t\t\t}\n\t<\/style>\n\t\n\t\t\t<div class=\"bafg-twentytwenty-container slider-177  \"\n\t\t\t\tbafg-orientation=\"horizontal\" bafg-default-offset=\"0.5\"\n\t\t\t\tbafg-before-label=\"Before\"\n\t\t\t\tbafg-after-label=\"After\" bafg-overlay=\"1\"\n\t\t\t\tbafg-move-slider-on-hover=\"\"\n\t\t\t\tbafg-click-to-move=\"\">\n\n\t\t\t\t\t\t\t\t<img class=\"skip-lazy\" data-skip-lazy\t\t\t\t\tsrc=\"https:\/\/kgladhill.dectim.ca\/tp2-ep\/wp-content\/uploads\/2026\/02\/apropos_image-avant-histoire-a-propos.png\" alt=\"\">\n\t\t\t\t<img class=\"skip-lazy\" data-skip-lazy\t\t\t\t\tsrc=\"https:\/\/kgladhill.dectim.ca\/tp2-ep\/wp-content\/uploads\/2026\/02\/apropos_explications-accueil.jpg\" alt=\"\">\n\n\t\t\t<\/div>\n\n\t\t\t\t<div class=\"bafg-slider-info-wraper\">\n\t\t<div style=\"\" class=\"slider-info-177 bafg-slider-info\">\n\t\t\t\t\t<\/div>\n\t<\/div>\n\t\n\t\t\t<style type=\"text\/css\">\n\t\t\t\t\t\t\t\t\t\t\t<\/style>\n\t\t\t\n<\/div>\n\n\n\n<div class=\"wp-block-uagb-container uagb-layout-grid uagb-block-85b34abb\">\n<figure class=\"wp-block-image size-full has-custom-border\"><img loading=\"lazy\" decoding=\"async\" width=\"390\" height=\"185\" src=\"https:\/\/kgladhill.dectim.ca\/tp2-ep\/wp-content\/uploads\/2026\/02\/apropos_img-3-histoire-a-propos.png\" alt=\"\" class=\"wp-image-254\" style=\"border-top-left-radius:40px;border-top-right-radius:40px;border-bottom-left-radius:40px;border-bottom-right-radius:40px\" srcset=\"https:\/\/kgladhill.dectim.ca\/tp2-ep\/wp-content\/uploads\/2026\/02\/apropos_img-3-histoire-a-propos.png 390w, https:\/\/kgladhill.dectim.ca\/tp2-ep\/wp-content\/uploads\/2026\/02\/apropos_img-3-histoire-a-propos-300x142.png 300w\" sizes=\"auto, (max-width: 390px) 100vw, 390px\" \/><\/figure>\n\n\n\n<figure class=\"wp-block-image size-full has-custom-border\"><img loading=\"lazy\" decoding=\"async\" width=\"390\" height=\"420\" src=\"https:\/\/kgladhill.dectim.ca\/tp2-ep\/wp-content\/uploads\/2026\/02\/apropos_img-4-histoire-a-propos.png\" alt=\"\" class=\"wp-image-255\" style=\"border-top-left-radius:40px;border-top-right-radius:40px;border-bottom-left-radius:40px;border-bottom-right-radius:40px\" srcset=\"https:\/\/kgladhill.dectim.ca\/tp2-ep\/wp-content\/uploads\/2026\/02\/apropos_img-4-histoire-a-propos.png 390w, https:\/\/kgladhill.dectim.ca\/tp2-ep\/wp-content\/uploads\/2026\/02\/apropos_img-4-histoire-a-propos-279x300.png 279w\" sizes=\"auto, (max-width: 390px) 100vw, 390px\" \/><\/figure>\n<\/div>\n<\/div>\n<\/div>\n<\/div>\n\n\n\n<div class=\"wp-block-uagb-modal uagb-block-3253c2f4 uagb-modal-wrapper ticss-3253c2f4\" data-escpress=\"enable\" data-overlayclick=\"enable\"><div class=\"uagb-spectra-button-wrapper wp-block-button\"><a class=\"uagb-modal-button-link wp-block-button__link uagb-modal-trigger\" href=\"#\" onclick=\"return false;\" target=\"_self\" rel=\"noopener noreferrer\"><span class=\"uagb-modal-content-wrapper\"><span class=\"uagb-inline-editing\">Utilisation IA<\/span><\/span><\/a><\/div><div class=\"uagb-effect-default uagb-modal-popup uagb-block-3253c2f4 uagb-modal-type-undefined\"><div class=\"uagb-modal-popup-wrap\"><div class=\"uagb-modal-popup-content\">\n<p class=\"has-medium-font-size\">Au niveau des&nbsp;images et vid\u00e9os, l\u2019IA g\u00e9n\u00e9rative nous a servi \u00e0&nbsp;produire et\/ou bonifier certains m\u00e9dias&nbsp;(ex. visuels d\u2019ambiance, textures, illustrations, variations, courtes s\u00e9quences), ainsi qu\u2019\u00e0 g\u00e9n\u00e9rer des&nbsp;it\u00e9rations&nbsp;pour explorer rapidement des pistes de direction artistique. Les m\u00e9dias finaux ont ensuite \u00e9t\u00e9&nbsp;s\u00e9lectionn\u00e9s, retouch\u00e9s, int\u00e9gr\u00e9s et optimis\u00e9s&nbsp;par notre \u00e9quipe (compression, recadrage, formats web, coh\u00e9rence visuelle et accessibilit\u00e9). Tous les contenus g\u00e9n\u00e9r\u00e9s ont \u00e9t\u00e9 utilis\u00e9s de fa\u00e7on&nbsp;\u00e9thique et responsable&nbsp;: aucune personne r\u00e9elle identifiable n\u2019a \u00e9t\u00e9 imit\u00e9e, aucun deepfake n\u2019a \u00e9t\u00e9 produit, et aucune utilisation non d\u00e9clar\u00e9e n\u2019a \u00e9t\u00e9 effectu\u00e9e. Nous avons principalement utilis\u00e9 VEO\/Flow AI avec le mod\u00e8le Nanobana. Ce service n&rsquo;offre malheureusement pas une option pour partager la conversation.<\/p>\n<\/div><button class=\"uagb-modal-popup-close\" aria-label=\"Close Modal\"><svg xmlns=\"https:\/\/www.w3.org\/2000\/svg\" viewBox=\"0 0 320 512\"><path d=\"M310.6 361.4c12.5 12.5 12.5 32.75 0 45.25C304.4 412.9 296.2 416 288 416s-16.38-3.125-22.62-9.375L160 301.3L54.63 406.6C48.38 412.9 40.19 416 32 416S15.63 412.9 9.375 406.6c-12.5-12.5-12.5-32.75 0-45.25l105.4-105.4L9.375 150.6c-12.5-12.5-12.5-32.75 0-45.25s32.75-12.5 45.25 0L160 210.8l105.4-105.4c12.5-12.5 32.75-12.5 45.25 0s12.5 32.75 0 45.25l-105.4 105.4L310.6 361.4z\"><\/path><\/svg><\/button><\/div><\/div><\/div>\n","protected":false},"excerpt":{"rendered":"<p>Notre histoire En 2017, nous nous sommes rendus dans les \u00e9coles du Qu\u00e9bec et nous avons constat\u00e9 une terrible r\u00e9alit\u00e9: [&hellip;]<\/p>\n","protected":false},"author":3,"featured_media":0,"parent":0,"menu_order":0,"comment_status":"closed","ping_status":"closed","template":"","meta":{"_uag_custom_page_level_css":"","site-sidebar-layout":"default","site-content-layout":"","ast-site-content-layout":"default","site-content-style":"default","site-sidebar-style":"default","ast-global-header-display":"","ast-banner-title-visibility":"","ast-main-header-display":"","ast-hfb-above-header-display":"","ast-hfb-below-header-display":"","ast-hfb-mobile-header-display":"","site-post-title":"","ast-breadcrumbs-content":"","ast-featured-img":"","footer-sml-layout":"","ast-disable-related-posts":"","theme-transparent-header-meta":"","adv-header-id-meta":"","stick-header-meta":"","header-above-stick-meta":"","header-main-stick-meta":"","header-below-stick-meta":"","astra-migrate-meta-layouts":"default","ast-page-background-enabled":"default","ast-page-background-meta":{"desktop":{"background-color":"var(--ast-global-color-5)","background-image":"","background-repeat":"repeat","background-position":"center center","background-size":"auto","background-attachment":"scroll","background-type":"","background-media":"","overlay-type":"","overlay-color":"","overlay-opacity":"","overlay-gradient":""},"tablet":{"background-color":"","background-image":"","background-repeat":"repeat","background-position":"center center","background-size":"auto","background-attachment":"scroll","background-type":"","background-media":"","overlay-type":"","overlay-color":"","overlay-opacity":"","overlay-gradient":""},"mobile":{"background-color":"","background-image":"","background-repeat":"repeat","background-position":"center center","background-size":"auto","background-attachment":"scroll","background-type":"","background-media":"","overlay-type":"","overlay-color":"","overlay-opacity":"","overlay-gradient":""}},"ast-content-background-meta":{"desktop":{"background-color":"var(--ast-global-color-4)","background-image":"","background-repeat":"repeat","background-position":"center center","background-size":"auto","background-attachment":"scroll","background-type":"","background-media":"","overlay-type":"","overlay-color":"","overlay-opacity":"","overlay-gradient":""},"tablet":{"background-color":"var(--ast-global-color-4)","background-image":"","background-repeat":"repeat","background-position":"center center","background-size":"auto","background-attachment":"scroll","background-type":"","background-media":"","overlay-type":"","overlay-color":"","overlay-opacity":"","overlay-gradient":""},"mobile":{"background-color":"var(--ast-global-color-4)","background-image":"","background-repeat":"repeat","background-position":"center center","background-size":"auto","background-attachment":"scroll","background-type":"","background-media":"","overlay-type":"","overlay-color":"","overlay-opacity":"","overlay-gradient":""}},"_themeisle_gutenberg_block_has_review":false,"footnotes":""},"class_list":["post-27","page","type-page","status-publish","hentry"],"uagb_featured_image_src":{"full":false,"thumbnail":false,"medium":false,"medium_large":false,"large":false,"1536x1536":false,"2048x2048":false},"uagb_author_info":{"display_name":"Guillaume","author_link":"https:\/\/kgladhill.dectim.ca\/tp2-ep\/author\/guillaume\/"},"uagb_comment_info":0,"uagb_excerpt":"Notre histoire En 2017, nous nous sommes rendus dans les \u00e9coles du Qu\u00e9bec et nous avons constat\u00e9 une terrible r\u00e9alit\u00e9: [&hellip;]","_links":{"self":[{"href":"https:\/\/kgladhill.dectim.ca\/tp2-ep\/wp-json\/wp\/v2\/pages\/27","targetHints":{"allow":["GET"]}}],"collection":[{"href":"https:\/\/kgladhill.dectim.ca\/tp2-ep\/wp-json\/wp\/v2\/pages"}],"about":[{"href":"https:\/\/kgladhill.dectim.ca\/tp2-ep\/wp-json\/wp\/v2\/types\/page"}],"author":[{"embeddable":true,"href":"https:\/\/kgladhill.dectim.ca\/tp2-ep\/wp-json\/wp\/v2\/users\/3"}],"replies":[{"embeddable":true,"href":"https:\/\/kgladhill.dectim.ca\/tp2-ep\/wp-json\/wp\/v2\/comments?post=27"}],"version-history":[{"count":59,"href":"https:\/\/kgladhill.dectim.ca\/tp2-ep\/wp-json\/wp\/v2\/pages\/27\/revisions"}],"predecessor-version":[{"id":1123,"href":"https:\/\/kgladhill.dectim.ca\/tp2-ep\/wp-json\/wp\/v2\/pages\/27\/revisions\/1123"}],"wp:attachment":[{"href":"https:\/\/kgladhill.dectim.ca\/tp2-ep\/wp-json\/wp\/v2\/media?parent=27"}],"curies":[{"name":"wp","href":"https:\/\/api.w.org\/{rel}","templated":true}]}}